{"id":2,"date":"2022-01-13T15:12:35","date_gmt":"2022-01-13T18:12:35","guid":{"rendered":"http:\/\/sapservice.com.br\/blog\/?page_id=2"},"modified":"2022-02-04T10:02:59","modified_gmt":"2022-02-04T13:02:59","slug":"pagina-exemplo","status":"publish","type":"page","link":"https:\/\/sapservice.com.br\/blog\/","title":{"rendered":"Todos os nossos artigos:"},"content":{"rendered":"<ul class=\"wp-block-latest-posts__list is-grid columns-4 aligncenter lista-artigos wp-block-latest-posts\"><li><div class=\"wp-block-latest-posts__featured-image aligncenter\"><a href=\"https:\/\/sapservice.com.br\/blog\/a-complexidade-dos-metodos-nao-destrutivos-de-construcao-de-redes-novas-e-renovacao-de-redes-existentes-subterraneas\/\" aria-label=\"A COMPLEXIDADE DOS M\u00c9TODOS N\u00c3O DESTRUTIVOS DE CONSTRU\u00c7\u00c3O DE REDES NOVAS E RENOVA\u00c7\u00c3O DE REDES EXISTENTES, SUBTERR\u00c2NEAS.\"><img loading=\"lazy\" decoding=\"async\" width=\"150\" height=\"150\" src=\"https:\/\/sapservice.com.br\/blog\/wp-content\/uploads\/2022\/12\/image-39-1-150x150.png\" class=\"attachment-thumbnail size-thumbnail wp-post-image\" alt=\"\" style=\"\" \/><\/a><\/div><a class=\"wp-block-latest-posts__post-title\" href=\"https:\/\/sapservice.com.br\/blog\/a-complexidade-dos-metodos-nao-destrutivos-de-construcao-de-redes-novas-e-renovacao-de-redes-existentes-subterraneas\/\">A COMPLEXIDADE DOS M\u00c9TODOS N\u00c3O DESTRUTIVOS DE CONSTRU\u00c7\u00c3O DE REDES NOVAS E RENOVA\u00c7\u00c3O DE REDES EXISTENTES, SUBTERR\u00c2NEAS.<\/a><\/li>\n<li><div class=\"wp-block-latest-posts__featured-image aligncenter\"><a href=\"https:\/\/sapservice.com.br\/blog\/lancamento-do-bami-no-brasil\/\" aria-label=\"LAN\u00c7AMENTO DO BAMI NO BRASIL\"><img loading=\"lazy\" decoding=\"async\" width=\"150\" height=\"150\" src=\"https:\/\/sapservice.com.br\/blog\/wp-content\/uploads\/2022\/12\/image-35-1-150x150.png\" class=\"attachment-thumbnail size-thumbnail wp-post-image\" alt=\"\" style=\"\" \/><\/a><\/div><a class=\"wp-block-latest-posts__post-title\" href=\"https:\/\/sapservice.com.br\/blog\/lancamento-do-bami-no-brasil\/\">LAN\u00c7AMENTO DO BAMI NO BRASIL<\/a><\/li>\n<li><div class=\"wp-block-latest-posts__featured-image aligncenter\"><a href=\"https:\/\/sapservice.com.br\/blog\/as-lagoas-facultativas-e-os-pequenos-municipios\/\" aria-label=\"AS LAGOAS FACULTATIVAS, E OS PEQUENOS MUNICIPIOS\"><img loading=\"lazy\" decoding=\"async\" width=\"150\" height=\"150\" src=\"https:\/\/sapservice.com.br\/blog\/wp-content\/uploads\/2022\/12\/image-29-1-150x150.png\" class=\"attachment-thumbnail size-thumbnail wp-post-image\" alt=\"\" style=\"\" \/><\/a><\/div><a class=\"wp-block-latest-posts__post-title\" href=\"https:\/\/sapservice.com.br\/blog\/as-lagoas-facultativas-e-os-pequenos-municipios\/\">AS LAGOAS FACULTATIVAS, E OS PEQUENOS MUNICIPIOS<\/a><\/li>\n<li><div class=\"wp-block-latest-posts__featured-image aligncenter\"><a href=\"https:\/\/sapservice.com.br\/blog\/a-patria\/\" aria-label=\"A P\u00c1TRIA\"><img loading=\"lazy\" decoding=\"async\" width=\"150\" height=\"150\" src=\"https:\/\/sapservice.com.br\/blog\/wp-content\/uploads\/2022\/12\/image-25-1-150x150.png\" class=\"attachment-thumbnail size-thumbnail wp-post-image\" alt=\"\" style=\"\" \/><\/a><\/div><a class=\"wp-block-latest-posts__post-title\" href=\"https:\/\/sapservice.com.br\/blog\/a-patria\/\">A P\u00c1TRIA<\/a><\/li>\n<li><div class=\"wp-block-latest-posts__featured-image aligncenter\"><a href=\"https:\/\/sapservice.com.br\/blog\/as-ocorrencias-importantes-deste-mes-de-setembro-e-a-engenharia-de-infraestrutura\/\" aria-label=\"AS OCORRENCIAS IMPORTANTES DESTE M\u00caS DE SETEMBRO e a ENGENHARIA DE INFRAESTRUTURA\"><img loading=\"lazy\" decoding=\"async\" width=\"150\" height=\"150\" src=\"https:\/\/sapservice.com.br\/blog\/wp-content\/uploads\/2022\/01\/sapservice-logo-inpi-150x150.jpg\" class=\"attachment-thumbnail size-thumbnail wp-post-image\" alt=\"\" style=\"\" srcset=\"https:\/\/sapservice.com.br\/blog\/wp-content\/uploads\/2022\/01\/sapservice-logo-inpi-150x150.jpg 150w, https:\/\/sapservice.com.br\/blog\/wp-content\/uploads\/2022\/01\/sapservice-logo-inpi-300x300.jpg 300w, https:\/\/sapservice.com.br\/blog\/wp-content\/uploads\/2022\/01\/sapservice-logo-inpi-1024x1024.jpg 1024w, https:\/\/sapservice.com.br\/blog\/wp-content\/uploads\/2022\/01\/sapservice-logo-inpi-768x768.jpg 768w, https:\/\/sapservice.com.br\/blog\/wp-content\/uploads\/2022\/01\/sapservice-logo-inpi-1536x1536.jpg 1536w, https:\/\/sapservice.com.br\/blog\/wp-content\/uploads\/2022\/01\/sapservice-logo-inpi.jpg 1920w\" sizes=\"auto, (max-width: 150px) 100vw, 150px\" \/><\/a><\/div><a class=\"wp-block-latest-posts__post-title\" href=\"https:\/\/sapservice.com.br\/blog\/as-ocorrencias-importantes-deste-mes-de-setembro-e-a-engenharia-de-infraestrutura\/\">AS OCORRENCIAS IMPORTANTES DESTE M\u00caS DE SETEMBRO e a ENGENHARIA DE INFRAESTRUTURA<\/a><\/li>\n<li><div class=\"wp-block-latest-posts__featured-image aligncenter\"><a href=\"https:\/\/sapservice.com.br\/blog\/o-sucesso-da-fenasan-e-os-50-anos-de-sabesp\/\" aria-label=\"O SUCESSO DA FENASAN E OS 50 ANOS DE SABESP\"><img loading=\"lazy\" decoding=\"async\" width=\"150\" height=\"150\" src=\"https:\/\/sapservice.com.br\/blog\/wp-content\/uploads\/2022\/12\/image-19-150x150.png\" class=\"attachment-thumbnail size-thumbnail wp-post-image\" alt=\"\" style=\"\" \/><\/a><\/div><a class=\"wp-block-latest-posts__post-title\" href=\"https:\/\/sapservice.com.br\/blog\/o-sucesso-da-fenasan-e-os-50-anos-de-sabesp\/\">O SUCESSO DA FENASAN E OS 50 ANOS DE SABESP<\/a><\/li>\n<li><div class=\"wp-block-latest-posts__featured-image aligncenter\"><a href=\"https:\/\/sapservice.com.br\/blog\/as-concessionarias-e-o-desespero-diante-dos-desafios-iniciais-de-concessoes-que-vao-se-estender-por-decadas\/\" aria-label=\"AS CONCESSION\u00c1RIAS E O DESESPERO DIANTE DOS DESAFIOS INICIAIS DE CONCESS\u00d5ES QUE V\u00c3O SE ESTENDER POR D\u00c9CADAS\"><img loading=\"lazy\" decoding=\"async\" width=\"150\" height=\"150\" src=\"https:\/\/sapservice.com.br\/blog\/wp-content\/uploads\/2022\/12\/image-16-1-150x150.png\" class=\"attachment-thumbnail size-thumbnail wp-post-image\" alt=\"\" style=\"\" \/><\/a><\/div><a class=\"wp-block-latest-posts__post-title\" href=\"https:\/\/sapservice.com.br\/blog\/as-concessionarias-e-o-desespero-diante-dos-desafios-iniciais-de-concessoes-que-vao-se-estender-por-decadas\/\">AS CONCESSION\u00c1RIAS E O DESESPERO DIANTE DOS DESAFIOS INICIAIS DE CONCESS\u00d5ES QUE V\u00c3O SE ESTENDER POR D\u00c9CADAS<\/a><\/li>\n<li><div class=\"wp-block-latest-posts__featured-image aligncenter\"><a href=\"https:\/\/sapservice.com.br\/blog\/london-cida-de-ontario-proteje-a-infraestrutura-critica-de-suprimento-de-agua\/\" aria-label=\"London, cida de Ontario, Proteje a Infraestrutura Cr\u00edtica de Suprimento de \u00c1gua\"><img loading=\"lazy\" decoding=\"async\" width=\"150\" height=\"150\" src=\"https:\/\/sapservice.com.br\/blog\/wp-content\/uploads\/2022\/12\/image-101-150x150.png\" class=\"attachment-thumbnail size-thumbnail wp-post-image\" alt=\"\" style=\"\" \/><\/a><\/div><a class=\"wp-block-latest-posts__post-title\" href=\"https:\/\/sapservice.com.br\/blog\/london-cida-de-ontario-proteje-a-infraestrutura-critica-de-suprimento-de-agua\/\">London, cida de Ontario, Proteje a Infraestrutura Cr\u00edtica de Suprimento de \u00c1gua<\/a><\/li>\n<li><div class=\"wp-block-latest-posts__featured-image aligncenter\"><a href=\"https:\/\/sapservice.com.br\/blog\/visita-as-estacoes-de-preparacao-de-agua-de-reuso-da-sanasa-epar-boa-vista-e-capivari-ii-campinas\/\" aria-label=\"VISITA \u00c0S ESTA\u00c7\u00d5ES DE PREPARA\u00c7\u00c3O DE \u00c1GUA DE REUSO DA SANASA EPAR BOA VISTA e CAPIVARI II &#8211; Campinas\"><img loading=\"lazy\" decoding=\"async\" width=\"150\" height=\"150\" src=\"https:\/\/sapservice.com.br\/blog\/wp-content\/uploads\/2022\/12\/imagem3-150x150.jpg\" class=\"attachment-thumbnail size-thumbnail wp-post-image\" alt=\"\" style=\"\" \/><\/a><\/div><a class=\"wp-block-latest-posts__post-title\" href=\"https:\/\/sapservice.com.br\/blog\/visita-as-estacoes-de-preparacao-de-agua-de-reuso-da-sanasa-epar-boa-vista-e-capivari-ii-campinas\/\">VISITA \u00c0S ESTA\u00c7\u00d5ES DE PREPARA\u00c7\u00c3O DE \u00c1GUA DE REUSO DA SANASA EPAR BOA VISTA e CAPIVARI II &#8211; Campinas<\/a><\/li>\n<li><div class=\"wp-block-latest-posts__featured-image aligncenter\"><a href=\"https:\/\/sapservice.com.br\/blog\/a-fenasan-e-o-curso-de-mnd\/\" aria-label=\"A FENASAN e o CURSO DE MND\"><img loading=\"lazy\" decoding=\"async\" width=\"150\" height=\"150\" src=\"https:\/\/sapservice.com.br\/blog\/wp-content\/uploads\/2022\/01\/sapservice-logo-inpi-150x150.jpg\" class=\"attachment-thumbnail size-thumbnail wp-post-image\" alt=\"\" style=\"\" srcset=\"https:\/\/sapservice.com.br\/blog\/wp-content\/uploads\/2022\/01\/sapservice-logo-inpi-150x150.jpg 150w, https:\/\/sapservice.com.br\/blog\/wp-content\/uploads\/2022\/01\/sapservice-logo-inpi-300x300.jpg 300w, https:\/\/sapservice.com.br\/blog\/wp-content\/uploads\/2022\/01\/sapservice-logo-inpi-1024x1024.jpg 1024w, https:\/\/sapservice.com.br\/blog\/wp-content\/uploads\/2022\/01\/sapservice-logo-inpi-768x768.jpg 768w, https:\/\/sapservice.com.br\/blog\/wp-content\/uploads\/2022\/01\/sapservice-logo-inpi-1536x1536.jpg 1536w, https:\/\/sapservice.com.br\/blog\/wp-content\/uploads\/2022\/01\/sapservice-logo-inpi.jpg 1920w\" sizes=\"auto, (max-width: 150px) 100vw, 150px\" \/><\/a><\/div><a class=\"wp-block-latest-posts__post-title\" href=\"https:\/\/sapservice.com.br\/blog\/a-fenasan-e-o-curso-de-mnd\/\">A FENASAN e o CURSO DE MND<\/a><\/li>\n<li><div class=\"wp-block-latest-posts__featured-image aligncenter\"><a href=\"https:\/\/sapservice.com.br\/blog\/querem-nos-pegar-pela-memoria-afetiva\/\" aria-label=\"Querem nos pegar pela &#8220;mem\u00f3ria afetiva&#8221;.\"><img loading=\"lazy\" decoding=\"async\" width=\"150\" height=\"150\" src=\"https:\/\/sapservice.com.br\/blog\/wp-content\/uploads\/2022\/06\/Screenshot-2022-06-20-at-09-57-14-Querem-nos-pegar-pela-memoria-afetiva.pdf-150x150.png\" class=\"attachment-thumbnail size-thumbnail wp-post-image\" alt=\"\" style=\"\" \/><\/a><\/div><a class=\"wp-block-latest-posts__post-title\" href=\"https:\/\/sapservice.com.br\/blog\/querem-nos-pegar-pela-memoria-afetiva\/\">Querem nos pegar pela &#8220;mem\u00f3ria afetiva&#8221;.<\/a><\/li>\n<li><div class=\"wp-block-latest-posts__featured-image aligncenter\"><a href=\"https:\/\/sapservice.com.br\/blog\/iot\/\" aria-label=\"IoT\"><img loading=\"lazy\" decoding=\"async\" width=\"150\" height=\"150\" src=\"https:\/\/sapservice.com.br\/blog\/wp-content\/uploads\/2022\/04\/Imagem1-150x150.png\" class=\"attachment-thumbnail size-thumbnail wp-post-image\" alt=\"\" style=\"\" \/><\/a><\/div><a class=\"wp-block-latest-posts__post-title\" href=\"https:\/\/sapservice.com.br\/blog\/iot\/\">IoT<\/a><\/li>\n<li><div class=\"wp-block-latest-posts__featured-image aligncenter\"><a href=\"https:\/\/sapservice.com.br\/blog\/cruzamento-de-redes-no-subsolo-quando-trabalhando-com-mnd\/\" aria-label=\"Cruzamento de Redes no Subsolo quando trabalhando com MND\"><img loading=\"lazy\" decoding=\"async\" width=\"150\" height=\"150\" src=\"https:\/\/sapservice.com.br\/blog\/wp-content\/uploads\/2022\/01\/Imagem29-150x150.png\" class=\"attachment-thumbnail size-thumbnail wp-post-image\" alt=\"\" style=\"\" \/><\/a><\/div><a class=\"wp-block-latest-posts__post-title\" href=\"https:\/\/sapservice.com.br\/blog\/cruzamento-de-redes-no-subsolo-quando-trabalhando-com-mnd\/\">Cruzamento de Redes no Subsolo quando trabalhando com MND<\/a><\/li>\n<li><div class=\"wp-block-latest-posts__featured-image aligncenter\"><a href=\"https:\/\/sapservice.com.br\/blog\/a-dificuldade-na-execucao-do-as-built-de-uma-instalacao-em-hdd\/\" aria-label=\"A dificuldade na execu\u00e7\u00e3o do AS BUILT de uma instala\u00e7\u00e3o em HDD\"><img loading=\"lazy\" decoding=\"async\" width=\"150\" height=\"150\" src=\"https:\/\/sapservice.com.br\/blog\/wp-content\/uploads\/2022\/01\/Imagem23-150x150.jpg\" class=\"attachment-thumbnail size-thumbnail wp-post-image\" alt=\"\" style=\"\" \/><\/a><\/div><a class=\"wp-block-latest-posts__post-title\" href=\"https:\/\/sapservice.com.br\/blog\/a-dificuldade-na-execucao-do-as-built-de-uma-instalacao-em-hdd\/\">A dificuldade na execu\u00e7\u00e3o do AS BUILT de uma instala\u00e7\u00e3o em HDD<\/a><\/li>\n<li><div class=\"wp-block-latest-posts__featured-image aligncenter\"><a href=\"https:\/\/sapservice.com.br\/blog\/uma-nova-maneira-de-enxergar-e-exercer-a-producao-em-obras-de-infra-estrutura\/\" aria-label=\"UMA NOVA MANEIRA DE ENXERGAR E EXERCER A PRODU\u00c7\u00c3O EM OBRAS DE INFRA-ESTRUTURA.\"><img loading=\"lazy\" decoding=\"async\" width=\"150\" height=\"150\" src=\"https:\/\/sapservice.com.br\/blog\/wp-content\/uploads\/2022\/01\/sapservice-logo-inpi-150x150.jpg\" class=\"attachment-thumbnail size-thumbnail wp-post-image\" alt=\"\" style=\"\" srcset=\"https:\/\/sapservice.com.br\/blog\/wp-content\/uploads\/2022\/01\/sapservice-logo-inpi-150x150.jpg 150w, https:\/\/sapservice.com.br\/blog\/wp-content\/uploads\/2022\/01\/sapservice-logo-inpi-300x300.jpg 300w, https:\/\/sapservice.com.br\/blog\/wp-content\/uploads\/2022\/01\/sapservice-logo-inpi-1024x1024.jpg 1024w, https:\/\/sapservice.com.br\/blog\/wp-content\/uploads\/2022\/01\/sapservice-logo-inpi-768x768.jpg 768w, https:\/\/sapservice.com.br\/blog\/wp-content\/uploads\/2022\/01\/sapservice-logo-inpi-1536x1536.jpg 1536w, https:\/\/sapservice.com.br\/blog\/wp-content\/uploads\/2022\/01\/sapservice-logo-inpi.jpg 1920w\" sizes=\"auto, (max-width: 150px) 100vw, 150px\" \/><\/a><\/div><a class=\"wp-block-latest-posts__post-title\" href=\"https:\/\/sapservice.com.br\/blog\/uma-nova-maneira-de-enxergar-e-exercer-a-producao-em-obras-de-infra-estrutura\/\">UMA NOVA MANEIRA DE ENXERGAR E EXERCER A PRODU\u00c7\u00c3O EM OBRAS DE INFRA-ESTRUTURA.<\/a><\/li>\n<li><div class=\"wp-block-latest-posts__featured-image aligncenter\"><a href=\"https:\/\/sapservice.com.br\/blog\/o-que-ha-de-novo-no-planejamento-e-gestao-da-producao\/\" aria-label=\"O QUE H\u00c1 DE NOVO NO PLANEJAMENTO E GEST\u00c3O DA PRODU\u00c7\u00c3O?\"><img loading=\"lazy\" decoding=\"async\" width=\"150\" height=\"150\" src=\"https:\/\/sapservice.com.br\/blog\/wp-content\/uploads\/2022\/01\/sapservice-logo-inpi-150x150.jpg\" class=\"attachment-thumbnail size-thumbnail wp-post-image\" alt=\"\" style=\"\" srcset=\"https:\/\/sapservice.com.br\/blog\/wp-content\/uploads\/2022\/01\/sapservice-logo-inpi-150x150.jpg 150w, https:\/\/sapservice.com.br\/blog\/wp-content\/uploads\/2022\/01\/sapservice-logo-inpi-300x300.jpg 300w, https:\/\/sapservice.com.br\/blog\/wp-content\/uploads\/2022\/01\/sapservice-logo-inpi-1024x1024.jpg 1024w, https:\/\/sapservice.com.br\/blog\/wp-content\/uploads\/2022\/01\/sapservice-logo-inpi-768x768.jpg 768w, https:\/\/sapservice.com.br\/blog\/wp-content\/uploads\/2022\/01\/sapservice-logo-inpi-1536x1536.jpg 1536w, https:\/\/sapservice.com.br\/blog\/wp-content\/uploads\/2022\/01\/sapservice-logo-inpi.jpg 1920w\" sizes=\"auto, (max-width: 150px) 100vw, 150px\" \/><\/a><\/div><a class=\"wp-block-latest-posts__post-title\" href=\"https:\/\/sapservice.com.br\/blog\/o-que-ha-de-novo-no-planejamento-e-gestao-da-producao\/\">O QUE H\u00c1 DE NOVO NO PLANEJAMENTO E GEST\u00c3O DA PRODU\u00c7\u00c3O?<\/a><\/li>\n<li><div class=\"wp-block-latest-posts__featured-image aligncenter\"><a href=\"https:\/\/sapservice.com.br\/blog\/e-agora-covid-19-e-as-obras-de-infraestruturas\/\" aria-label=\"E agora &#8211; COVID 19 e as obras de infraestruturas\"><img loading=\"lazy\" decoding=\"async\" width=\"150\" height=\"150\" src=\"https:\/\/sapservice.com.br\/blog\/wp-content\/uploads\/2022\/01\/sapservice-logo-inpi-150x150.jpg\" class=\"attachment-thumbnail size-thumbnail wp-post-image\" alt=\"\" style=\"\" srcset=\"https:\/\/sapservice.com.br\/blog\/wp-content\/uploads\/2022\/01\/sapservice-logo-inpi-150x150.jpg 150w, https:\/\/sapservice.com.br\/blog\/wp-content\/uploads\/2022\/01\/sapservice-logo-inpi-300x300.jpg 300w, https:\/\/sapservice.com.br\/blog\/wp-content\/uploads\/2022\/01\/sapservice-logo-inpi-1024x1024.jpg 1024w, https:\/\/sapservice.com.br\/blog\/wp-content\/uploads\/2022\/01\/sapservice-logo-inpi-768x768.jpg 768w, https:\/\/sapservice.com.br\/blog\/wp-content\/uploads\/2022\/01\/sapservice-logo-inpi-1536x1536.jpg 1536w, https:\/\/sapservice.com.br\/blog\/wp-content\/uploads\/2022\/01\/sapservice-logo-inpi.jpg 1920w\" sizes=\"auto, (max-width: 150px) 100vw, 150px\" \/><\/a><\/div><a class=\"wp-block-latest-posts__post-title\" href=\"https:\/\/sapservice.com.br\/blog\/e-agora-covid-19-e-as-obras-de-infraestruturas\/\">E agora &#8211; COVID 19 e as obras de infraestruturas<\/a><\/li>\n<li><div class=\"wp-block-latest-posts__featured-image aligncenter\"><a href=\"https:\/\/sapservice.com.br\/blog\/a-gestao-de-obras-e-a-nova-legislacao-das-estatais-lei-13303-16-e-a-que-substitui-o-dl-8666-lei-14133-abril-2021\/\" aria-label=\"A GEST\u00c3O DE OBRAS E A NOVA LEGISLA\u00c7\u00c3O DAS ESTATAIS (Lei 13303\/16) e a que substitui o DL 8666 (Lei 14133 Abril 2021)\"><img loading=\"lazy\" decoding=\"async\" width=\"150\" height=\"150\" src=\"https:\/\/sapservice.com.br\/blog\/wp-content\/uploads\/2022\/01\/sapservice-logo-inpi-150x150.jpg\" class=\"attachment-thumbnail size-thumbnail wp-post-image\" alt=\"\" style=\"\" srcset=\"https:\/\/sapservice.com.br\/blog\/wp-content\/uploads\/2022\/01\/sapservice-logo-inpi-150x150.jpg 150w, https:\/\/sapservice.com.br\/blog\/wp-content\/uploads\/2022\/01\/sapservice-logo-inpi-300x300.jpg 300w, https:\/\/sapservice.com.br\/blog\/wp-content\/uploads\/2022\/01\/sapservice-logo-inpi-1024x1024.jpg 1024w, https:\/\/sapservice.com.br\/blog\/wp-content\/uploads\/2022\/01\/sapservice-logo-inpi-768x768.jpg 768w, https:\/\/sapservice.com.br\/blog\/wp-content\/uploads\/2022\/01\/sapservice-logo-inpi-1536x1536.jpg 1536w, https:\/\/sapservice.com.br\/blog\/wp-content\/uploads\/2022\/01\/sapservice-logo-inpi.jpg 1920w\" sizes=\"auto, (max-width: 150px) 100vw, 150px\" \/><\/a><\/div><a class=\"wp-block-latest-posts__post-title\" href=\"https:\/\/sapservice.com.br\/blog\/a-gestao-de-obras-e-a-nova-legislacao-das-estatais-lei-13303-16-e-a-que-substitui-o-dl-8666-lei-14133-abril-2021\/\">A GEST\u00c3O DE OBRAS E A NOVA LEGISLA\u00c7\u00c3O DAS ESTATAIS (Lei 13303\/16) e a que substitui o DL 8666 (Lei 14133 Abril 2021)<\/a><\/li>\n<li><div class=\"wp-block-latest-posts__featured-image aligncenter\"><a href=\"https:\/\/sapservice.com.br\/blog\/como-evitar-uma-catastrofe-ou-um-acidente-em-hdd\/\" aria-label=\"COMO EVITAR UMA CAT\u00c1STROFE, ou um acidente em HDD&#8230;\"><img loading=\"lazy\" decoding=\"async\" width=\"150\" height=\"150\" src=\"https:\/\/sapservice.com.br\/blog\/wp-content\/uploads\/2022\/01\/Imagem22-150x150.jpg\" class=\"attachment-thumbnail size-thumbnail wp-post-image\" alt=\"\" style=\"\" \/><\/a><\/div><a class=\"wp-block-latest-posts__post-title\" href=\"https:\/\/sapservice.com.br\/blog\/como-evitar-uma-catastrofe-ou-um-acidente-em-hdd\/\">COMO EVITAR UMA CAT\u00c1STROFE, ou um acidente em HDD&#8230;<\/a><\/li>\n<li><div class=\"wp-block-latest-posts__featured-image aligncenter\"><a href=\"https:\/\/sapservice.com.br\/blog\/as-enchentes-e-como-o-poder-publico-engana\/\" aria-label=\"AS ENCHENTES E COMO O PODER PUBLICO  ENGANA\"><img loading=\"lazy\" decoding=\"async\" width=\"150\" height=\"150\" src=\"https:\/\/sapservice.com.br\/blog\/wp-content\/uploads\/2022\/01\/Imagem21-150x150.jpg\" class=\"attachment-thumbnail size-thumbnail wp-post-image\" alt=\"\" style=\"\" \/><\/a><\/div><a class=\"wp-block-latest-posts__post-title\" href=\"https:\/\/sapservice.com.br\/blog\/as-enchentes-e-como-o-poder-publico-engana\/\">AS ENCHENTES E COMO O PODER PUBLICO  ENGANA<\/a><\/li>\n<li><div class=\"wp-block-latest-posts__featured-image aligncenter\"><a href=\"https:\/\/sapservice.com.br\/blog\/o-salto-do-golfinho-uma-visao-sobre-a-situacao-economica-do-pais\/\" aria-label=\"O SALTO DO GOLFINHO, uma vis\u00e3o sobre a situa\u00e7\u00e3o econ\u00f4mica do pa\u00eds\"><img loading=\"lazy\" decoding=\"async\" width=\"150\" height=\"150\" src=\"https:\/\/sapservice.com.br\/blog\/wp-content\/uploads\/2022\/01\/tabela1-150x150.jpg\" class=\"attachment-thumbnail size-thumbnail wp-post-image\" alt=\"\" style=\"\" \/><\/a><\/div><a class=\"wp-block-latest-posts__post-title\" href=\"https:\/\/sapservice.com.br\/blog\/o-salto-do-golfinho-uma-visao-sobre-a-situacao-economica-do-pais\/\">O SALTO DO GOLFINHO, uma vis\u00e3o sobre a situa\u00e7\u00e3o econ\u00f4mica do pa\u00eds<\/a><\/li>\n<li><div class=\"wp-block-latest-posts__featured-image aligncenter\"><a href=\"https:\/\/sapservice.com.br\/blog\/que-tipo-de-producao-e-essa-na-construcao-pesada\/\" aria-label=\"QUE TIPO DE PRODU\u00c7\u00c3O \u00c9 ESSA NA CONSTRU\u00c7\u00c3O PESADA?\"><img loading=\"lazy\" decoding=\"async\" width=\"150\" height=\"150\" src=\"https:\/\/sapservice.com.br\/blog\/wp-content\/uploads\/2022\/01\/sapservice-logo-inpi-150x150.jpg\" class=\"attachment-thumbnail size-thumbnail wp-post-image\" alt=\"\" style=\"\" srcset=\"https:\/\/sapservice.com.br\/blog\/wp-content\/uploads\/2022\/01\/sapservice-logo-inpi-150x150.jpg 150w, https:\/\/sapservice.com.br\/blog\/wp-content\/uploads\/2022\/01\/sapservice-logo-inpi-300x300.jpg 300w, https:\/\/sapservice.com.br\/blog\/wp-content\/uploads\/2022\/01\/sapservice-logo-inpi-1024x1024.jpg 1024w, https:\/\/sapservice.com.br\/blog\/wp-content\/uploads\/2022\/01\/sapservice-logo-inpi-768x768.jpg 768w, https:\/\/sapservice.com.br\/blog\/wp-content\/uploads\/2022\/01\/sapservice-logo-inpi-1536x1536.jpg 1536w, https:\/\/sapservice.com.br\/blog\/wp-content\/uploads\/2022\/01\/sapservice-logo-inpi.jpg 1920w\" sizes=\"auto, (max-width: 150px) 100vw, 150px\" \/><\/a><\/div><a class=\"wp-block-latest-posts__post-title\" href=\"https:\/\/sapservice.com.br\/blog\/que-tipo-de-producao-e-essa-na-construcao-pesada\/\">QUE TIPO DE PRODU\u00c7\u00c3O \u00c9 ESSA NA CONSTRU\u00c7\u00c3O PESADA?<\/a><\/li>\n<li><div class=\"wp-block-latest-posts__featured-image aligncenter\"><a href=\"https:\/\/sapservice.com.br\/blog\/abra-uma-vala-nao-uma-sepultura\/\" aria-label=\"ABRA UMA VALA N\u00c3O UMA SEPULTURA\"><img loading=\"lazy\" decoding=\"async\" width=\"150\" height=\"150\" src=\"https:\/\/sapservice.com.br\/blog\/wp-content\/uploads\/2022\/01\/Imagem19-150x150.jpg\" class=\"attachment-thumbnail size-thumbnail wp-post-image\" alt=\"\" style=\"\" \/><\/a><\/div><a class=\"wp-block-latest-posts__post-title\" href=\"https:\/\/sapservice.com.br\/blog\/abra-uma-vala-nao-uma-sepultura\/\">ABRA UMA VALA N\u00c3O UMA SEPULTURA<\/a><\/li>\n<li><div class=\"wp-block-latest-posts__featured-image aligncenter\"><a href=\"https:\/\/sapservice.com.br\/blog\/a-vala-de-sondagem\/\" aria-label=\"A VALA DE SONDAGEM\"><img loading=\"lazy\" decoding=\"async\" width=\"150\" height=\"150\" src=\"https:\/\/sapservice.com.br\/blog\/wp-content\/uploads\/2022\/01\/Imagem15-150x150.png\" class=\"attachment-thumbnail size-thumbnail wp-post-image\" alt=\"\" style=\"\" \/><\/a><\/div><a class=\"wp-block-latest-posts__post-title\" href=\"https:\/\/sapservice.com.br\/blog\/a-vala-de-sondagem\/\">A VALA DE SONDAGEM<\/a><\/li>\n<li><div class=\"wp-block-latest-posts__featured-image aligncenter\"><a href=\"https:\/\/sapservice.com.br\/blog\/demandas-e-desafios-da-geologia-de-engenharia\/\" aria-label=\"Demandas e Desafios da Geologia de Engenharia e Ambiental em Projeto, Constru\u00e7\u00e3o e Manuten\u00e7\u00e3o de T\u00faneis em MND\"><img loading=\"lazy\" decoding=\"async\" width=\"150\" height=\"150\" src=\"https:\/\/sapservice.com.br\/blog\/wp-content\/uploads\/2022\/01\/imagem9-150x150.jpg\" class=\"attachment-thumbnail size-thumbnail wp-post-image\" alt=\"\" style=\"\" \/><\/a><\/div><a class=\"wp-block-latest-posts__post-title\" href=\"https:\/\/sapservice.com.br\/blog\/demandas-e-desafios-da-geologia-de-engenharia\/\">Demandas e Desafios da Geologia de Engenharia e Ambiental em Projeto, Constru\u00e7\u00e3o e Manuten\u00e7\u00e3o de T\u00faneis em MND<\/a><\/li>\n<\/ul>","protected":false},"excerpt":{"rendered":"","protected":false},"author":3,"featured_media":0,"parent":0,"menu_order":0,"comment_status":"closed","ping_status":"open","template":"","meta":{"footnotes":""},"class_list":["post-2","page","type-page","status-publish","hentry"],"_links":{"self":[{"href":"https:\/\/sapservice.com.br\/blog\/wp-json\/wp\/v2\/pages\/2","targetHints":{"allow":["GET"]}}],"collection":[{"href":"https:\/\/sapservice.com.br\/blog\/wp-json\/wp\/v2\/pages"}],"about":[{"href":"https:\/\/sapservice.com.br\/blog\/wp-json\/wp\/v2\/types\/page"}],"author":[{"embeddable":true,"href":"https:\/\/sapservice.com.br\/blog\/wp-json\/wp\/v2\/users\/3"}],"replies":[{"embeddable":true,"href":"https:\/\/sapservice.com.br\/blog\/wp-json\/wp\/v2\/comments?post=2"}],"version-history":[{"count":5,"href":"https:\/\/sapservice.com.br\/blog\/wp-json\/wp\/v2\/pages\/2\/revisions"}],"predecessor-version":[{"id":203,"href":"https:\/\/sapservice.com.br\/blog\/wp-json\/wp\/v2\/pages\/2\/revisions\/203"}],"wp:attachment":[{"href":"https:\/\/sapservice.com.br\/blog\/wp-json\/wp\/v2\/media?parent=2"}],"curies":[{"name":"wp","href":"https:\/\/api.w.org\/{rel}","templated":true}]}}